{"id":4258,"date":"2023-10-02T06:34:37","date_gmt":"2023-10-02T06:34:37","guid":{"rendered":"https:\/\/wpip.mda.pl\/news\/"},"modified":"2024-12-16T10:51:41","modified_gmt":"2024-12-16T10:51:41","slug":"news","status":"publish","type":"page","link":"https:\/\/wpip.mda.pl\/en\/news\/","title":{"rendered":"News"},"content":{"rendered":"\n<section id=\"block_3a4281173d7a84ba0944e57d2cec4658\" class=\"section-breadcrumbs-title contained  \">\n        <div class=\"row\">\n                    <div class=\"col-24 offset-lg-3 col-lg-18 offset-rg-4 col-rg-16\" data-aos=\"fade-up\" data-aos-delay=\"100\">\n                <div class=\"section-breadcrumbs-title__breadcrumbs pl-24 with-margin\">\n                    <div class=\"breadcrumbs\">\n<nav aria-label=\"breadcrumbs\" class=\"rank-math-breadcrumb\"><p><a href=\"https:\/\/wpip.mda.pl\/en\/\">Grupa WPIP<\/a><span class=\"separator\"> &raquo; <\/span><span class=\"last\">WPIP S.A.<\/span><\/p><\/nav><\/div>                <\/div>\n            <\/div>\n                        <div class=\"col-24 offset-lg-3 col-lg-18 offset-rg-4 col-rg-16\" data-aos=\"fade-up\" data-aos-delay=\"100\">\n                            <div class=\"section-breadcrumbs-title__title pl-24\">\n                    <h1 class=\"section-breadcrumbs-title__title-text f-400\">News<\/h1>\n                <\/div>\n                    <\/div>\n            <\/div>\n    <\/section>\n\n\n\n<section id=\"block_6b339f2375fe6152739ed965ce419c97\" class=\"posts-scroll-list contained \" data-post-scroll-list data-settings='{\"per_page\":\"9\",\"post_type\":\"news\",\"taxonomy_name\":\"news_types\",\"max_pages\":14,\"card_type\":\"post\",\"blog_id\":1,\"blog_color\":\"red\"}'>\n            <div class=\"loader\">\n            <div class=\"loader__wrapper bc-red\">\n                <div class=\"loader__inner bg-red\"><\/div>\n            <\/div>\n        <\/div>\n                <div class=\"row posts-scroll-list__row\">\n            <div class=\"offset-lg-3 col-lg-18 offset-rg-4 col-rg-16\">\n                <div class=\"posts-scroll-list__blog-filter\" data-blog-filter>\n                     <div class=\"blogs-tabs p-24\" data-aos=\"fade-up\" data-aos-delay=\"100\">\n           \n        <div data-blog-id=\"1\" class=\"blogs-tabs__blog-tab button button--solid-hover grey-grey active js-load-site-posts-section\" data-blog-tab-filter data-browser-url=\"https:\/\/wpip.mda.pl\/en\/news\/\">\n            <span>Grupa WPIP<\/span>\n        <\/div>\n      \n           \n        <div data-blog-id=\"2\" class=\"blogs-tabs__blog-tab button button--solid-hover grey-grey js-load-site-posts-section\" data-blog-tab-filter data-browser-url=\"https:\/\/wpip.mda.pl\/en\/news\/?blog=2\">\n            <span>WPIP Construction<\/span>\n        <\/div>\n      \n    <\/div>\n                <\/div>\n            <\/div>\n        <\/div>\n        <div class=\"js-posts-filters-wrapper posts-scroll-list__posts-wrapper\">\n        \n<div class=\"row posts-scroll-list__top-row\">\n    <div class=\"offset-lg-3 col-lg-18 offset-rg-4 col-rg-16 col-24 posts-scroll-list__top-list\">\n            <\/div>\n    <\/div>\n<div class=\"row\" data-aos=\"fade-up\" data-aos-delay=\"200\">\n    <div class=\"col-24 offset-lg-3 col-lg-18 offset-rg-4 col-rg-16\">\n        <div class=\"posts-scroll-list__list p-24\" data-post-scroll-list-wrapper>\n                                                <div class=\"posts-scroll-list__item\">\n                        \n \n<div class=\"card-post card-post--no-carousel active\" data-href=\"https:\/\/wpip.mda.pl\/en\/aktualnosci\/test-2\/\" data-key=\"1\">\n    <div>\n        <div class=\"card-post__featured-image-wrapper\">\n            <a href=\"https:\/\/wpip.mda.pl\/en\/aktualnosci\/test-2\/\">\n                <div class=\"card-post__image-bg\"><\/div>\n                <img loading=\"lazy\" width=\"741\" height=\"350\" src=\"https:\/\/wpip.mda.pl\/app\/uploads\/2024\/12\/fiesta-2.jpg\" class=\"card-post__image wp-post-image\" alt=\"\" decoding=\"async\" srcset=\"https:\/\/wpip.mda.pl\/app\/uploads\/2024\/12\/fiesta-2.jpg 1585w, https:\/\/wpip.mda.pl\/app\/uploads\/2024\/12\/fiesta-2-1024x484.jpg 1024w, https:\/\/wpip.mda.pl\/app\/uploads\/2024\/12\/fiesta-2-1536x726.jpg 1536w, https:\/\/wpip.mda.pl\/app\/uploads\/2024\/12\/fiesta-2-525x248.jpg 525w, https:\/\/wpip.mda.pl\/app\/uploads\/2024\/12\/fiesta-2-1100x520.jpg 1100w\" sizes=\"(max-width: 741px) 100vw, 741px\" \/>            <\/a>\n        <\/div>\n    <\/div>\n    <div class=\"card-post__content-wrapper\">\n        <div class=\"card-post__content-top-wrapper\">\n                            <div class=\"card-post__info\">\n                    <div class=\"card-post__date color-grey-grey typo-14\">04.12.2024<\/div>\n                                    <\/div>\n                                                <div class=\"card-post__title\">\n                <a href=\"https:\/\/wpip.mda.pl\/en\/aktualnosci\/test-2\/\" class=\"color-black\">\n                    <h4 class=\"f-400 color-black typo-h5 -bigger\">\n                        <a href=\"https:\/\/wpip.mda.pl\/en\/aktualnosci\/test-2\/\" class=\"color-black typo-h5\">\n                            test                        <\/a>\n                    <\/h4>\n                <\/a>\n            <\/div>\n        <\/div>\n        <a class=\"button button--solid-hover color-red red button--arrow-button\" href=\"https:\/\/wpip.mda.pl\/en\/aktualnosci\/test-2\/\">\n            <span><i class=\"icon icon-arrow-right\"><\/i><\/span>\n        <\/a>\n    <\/div>\n<\/div>\n\n                    <\/div>\n                                    <div class=\"posts-scroll-list__item\">\n                        \n \n<div class=\"card-post card-post--no-carousel active\" data-href=\"https:\/\/wpip.mda.pl\/en\/aktualnosci\/testowy-wpis\/\" data-key=\"2\">\n    <div>\n        <div class=\"card-post__featured-image-wrapper\">\n            <a href=\"https:\/\/wpip.mda.pl\/en\/aktualnosci\/testowy-wpis\/\">\n                <div class=\"card-post__image-bg\"><\/div>\n                            <\/a>\n        <\/div>\n    <\/div>\n    <div class=\"card-post__content-wrapper\">\n        <div class=\"card-post__content-top-wrapper\">\n                            <div class=\"card-post__info\">\n                    <div class=\"card-post__date color-grey-grey typo-14\">03.12.2024<\/div>\n                                    <\/div>\n                                                <div class=\"card-post__title\">\n                <a href=\"https:\/\/wpip.mda.pl\/en\/aktualnosci\/testowy-wpis\/\" class=\"color-black\">\n                    <h4 class=\"f-400 color-black typo-h5 -bigger\">\n                        <a href=\"https:\/\/wpip.mda.pl\/en\/aktualnosci\/testowy-wpis\/\" class=\"color-black typo-h5\">\n                            wersja eng                        <\/a>\n                    <\/h4>\n                <\/a>\n            <\/div>\n        <\/div>\n        <a class=\"button button--solid-hover color-red red button--arrow-button\" href=\"https:\/\/wpip.mda.pl\/en\/aktualnosci\/testowy-wpis\/\">\n            <span><i class=\"icon icon-arrow-right\"><\/i><\/span>\n        <\/a>\n    <\/div>\n<\/div>\n\n                    <\/div>\n                                    <div class=\"posts-scroll-list__item\">\n                        \n \n<div class=\"card-post card-post--no-carousel active\" data-href=\"https:\/\/wpip.mda.pl\/en\/aktualnosci\/test\/\" data-key=\"3\">\n    <div>\n        <div class=\"card-post__featured-image-wrapper\">\n            <a href=\"https:\/\/wpip.mda.pl\/en\/aktualnosci\/test\/\">\n                <div class=\"card-post__image-bg\"><\/div>\n                            <\/a>\n        <\/div>\n    <\/div>\n    <div class=\"card-post__content-wrapper\">\n        <div class=\"card-post__content-top-wrapper\">\n                            <div class=\"card-post__info\">\n                    <div class=\"card-post__date color-grey-grey typo-14\">08.11.2024<\/div>\n                                    <\/div>\n                                                <div class=\"card-post__title\">\n                <a href=\"https:\/\/wpip.mda.pl\/en\/aktualnosci\/test\/\" class=\"color-black\">\n                    <h4 class=\"f-400 color-black typo-h5 -bigger\">\n                        <a href=\"https:\/\/wpip.mda.pl\/en\/aktualnosci\/test\/\" class=\"color-black typo-h5\">\n                            Test                        <\/a>\n                    <\/h4>\n                <\/a>\n            <\/div>\n        <\/div>\n        <a class=\"button button--solid-hover color-red red button--arrow-button\" href=\"https:\/\/wpip.mda.pl\/en\/aktualnosci\/test\/\">\n            <span><i class=\"icon icon-arrow-right\"><\/i><\/span>\n        <\/a>\n    <\/div>\n<\/div>\n\n                    <\/div>\n                                    <div class=\"posts-scroll-list__item\">\n                        \n \n<div class=\"card-post card-post--no-carousel active\" data-href=\"https:\/\/wpip.mda.pl\/en\/aktualnosci\/dariusz-stasik-wlasciciel-grupy-wpip-i-prezes-zarzadu-wpip-wzial-udzial-w-panelu-dyskusyjnym-nowe-technologie-a-inwestycje-najlepsze-przyklady-ktory-odbyl-sie-podczas-zachodniego\/\" data-key=\"1\">\n    <div>\n        <div class=\"card-post__featured-image-wrapper\">\n            <a href=\"https:\/\/wpip.mda.pl\/en\/aktualnosci\/dariusz-stasik-wlasciciel-grupy-wpip-i-prezes-zarzadu-wpip-wzial-udzial-w-panelu-dyskusyjnym-nowe-technologie-a-inwestycje-najlepsze-przyklady-ktory-odbyl-sie-podczas-zachodniego\/\">\n                <div class=\"card-post__image-bg\"><\/div>\n                <img loading=\"lazy\" width=\"741\" height=\"350\" src=\"https:\/\/wpip.mda.pl\/app\/uploads\/2024\/10\/fiesta.jpg\" class=\"card-post__image wp-post-image\" alt=\"\" decoding=\"async\" srcset=\"https:\/\/wpip.mda.pl\/app\/uploads\/2024\/10\/fiesta.jpg 1585w, https:\/\/wpip.mda.pl\/app\/uploads\/2024\/10\/fiesta-1024x484.jpg 1024w, https:\/\/wpip.mda.pl\/app\/uploads\/2024\/10\/fiesta-1536x726.jpg 1536w, https:\/\/wpip.mda.pl\/app\/uploads\/2024\/10\/fiesta-448x212.jpg 448w\" sizes=\"(max-width: 741px) 100vw, 741px\" \/>            <\/a>\n        <\/div>\n    <\/div>\n    <div class=\"card-post__content-wrapper\">\n        <div class=\"card-post__content-top-wrapper\">\n                            <div class=\"card-post__info\">\n                    <div class=\"card-post__date color-grey-grey typo-14\">29.10.2024<\/div>\n                                            <div class=\"card-post__category typo-12\">Aktualno\u015bci<\/div>\n                                    <\/div>\n                                                <div class=\"card-post__title\">\n                <a href=\"https:\/\/wpip.mda.pl\/en\/aktualnosci\/dariusz-stasik-wlasciciel-grupy-wpip-i-prezes-zarzadu-wpip-wzial-udzial-w-panelu-dyskusyjnym-nowe-technologie-a-inwestycje-najlepsze-przyklady-ktory-odbyl-sie-podczas-zachodniego\/\" class=\"color-black\">\n                    <h4 class=\"f-400 color-black typo-h5 -bigger\">\n                        <a href=\"https:\/\/wpip.mda.pl\/en\/aktualnosci\/dariusz-stasik-wlasciciel-grupy-wpip-i-prezes-zarzadu-wpip-wzial-udzial-w-panelu-dyskusyjnym-nowe-technologie-a-inwestycje-najlepsze-przyklady-ktory-odbyl-sie-podczas-zachodniego\/\" class=\"color-black typo-h5\">\n                            Dariusz Stasik, w\u0142a\u015bciciel Grupy WPIP i prezes zarz\u0105du WPIP wzi\u0105\u0142 udzia\u0142 w panelu dyskusyjnym \u201eNowe technologie, a inwestycje. Najlepsze przyk\u0142ady\u201d, kt\u00f3ry odby\u0142 si\u0119 podczas Zachodniego Forum Gospodarczego.                        <\/a>\n                    <\/h4>\n                <\/a>\n            <\/div>\n        <\/div>\n        <a class=\"button button--solid-hover color-red red button--arrow-button\" href=\"https:\/\/wpip.mda.pl\/en\/aktualnosci\/dariusz-stasik-wlasciciel-grupy-wpip-i-prezes-zarzadu-wpip-wzial-udzial-w-panelu-dyskusyjnym-nowe-technologie-a-inwestycje-najlepsze-przyklady-ktory-odbyl-sie-podczas-zachodniego\/\">\n            <span><i class=\"icon icon-arrow-right\"><\/i><\/span>\n        <\/a>\n    <\/div>\n<\/div>\n\n                    <\/div>\n                                    <div class=\"posts-scroll-list__item\">\n                        \n \n<div class=\"card-post card-post--no-carousel active\" data-href=\"https:\/\/wpip.mda.pl\/en\/aktualnosci\/w-mlp-poznan-powstaje-nowy-magazyn-dla-havi-logistics-kamien-wegielny-zostal-wmurowany\/\" data-key=\"2\">\n    <div>\n        <div class=\"card-post__featured-image-wrapper\">\n            <a href=\"https:\/\/wpip.mda.pl\/en\/aktualnosci\/w-mlp-poznan-powstaje-nowy-magazyn-dla-havi-logistics-kamien-wegielny-zostal-wmurowany\/\">\n                <div class=\"card-post__image-bg\"><\/div>\n                <img loading=\"lazy\" width=\"1\" height=\"1\" src=\"https:\/\/wpip.mda.pl\/app\/uploads\/2024\/03\/Photo_031.jpeg\" class=\"card-post__image wp-post-image\" alt=\"\" decoding=\"async\" \/>            <\/a>\n        <\/div>\n    <\/div>\n    <div class=\"card-post__content-wrapper\">\n        <div class=\"card-post__content-top-wrapper\">\n                            <div class=\"card-post__info\">\n                    <div class=\"card-post__date color-grey-grey typo-14\">14.03.2024<\/div>\n                                            <div class=\"card-post__category typo-12\">Aktualno\u015bci<\/div>\n                                    <\/div>\n                                                <div class=\"card-post__title\">\n                <a href=\"https:\/\/wpip.mda.pl\/en\/aktualnosci\/w-mlp-poznan-powstaje-nowy-magazyn-dla-havi-logistics-kamien-wegielny-zostal-wmurowany\/\" class=\"color-black\">\n                    <h4 class=\"f-400 color-black typo-h5 -bigger\">\n                        <a href=\"https:\/\/wpip.mda.pl\/en\/aktualnosci\/w-mlp-poznan-powstaje-nowy-magazyn-dla-havi-logistics-kamien-wegielny-zostal-wmurowany\/\" class=\"color-black typo-h5\">\n                            W MLP Pozna\u0144 powstaje nowy magazyn dla Havi Logistics. Kamie\u0144 w\u0119gielny zosta\u0142 wmurowany                        <\/a>\n                    <\/h4>\n                <\/a>\n            <\/div>\n        <\/div>\n        <a class=\"button button--solid-hover color-red red button--arrow-button\" href=\"https:\/\/wpip.mda.pl\/en\/aktualnosci\/w-mlp-poznan-powstaje-nowy-magazyn-dla-havi-logistics-kamien-wegielny-zostal-wmurowany\/\">\n            <span><i class=\"icon icon-arrow-right\"><\/i><\/span>\n        <\/a>\n    <\/div>\n<\/div>\n\n                    <\/div>\n                                    <div class=\"posts-scroll-list__item\">\n                        \n \n<div class=\"card-post card-post--no-carousel active\" data-href=\"https:\/\/wpip.mda.pl\/en\/aktualnosci\/kamien-wegielny-pod-budowe-luksusowego-kompleksu-w-miedzyzdrojach-wmurowany-the-sea-resort-zainauguruje-dzialalnosc-pod-koniec-2025-r\/\" data-key=\"3\">\n    <div>\n        <div class=\"card-post__featured-image-wrapper\">\n            <a href=\"https:\/\/wpip.mda.pl\/en\/aktualnosci\/kamien-wegielny-pod-budowe-luksusowego-kompleksu-w-miedzyzdrojach-wmurowany-the-sea-resort-zainauguruje-dzialalnosc-pod-koniec-2025-r\/\">\n                <div class=\"card-post__image-bg\"><\/div>\n                <img loading=\"lazy\" width=\"525\" height=\"350\" src=\"https:\/\/wpip.mda.pl\/app\/uploads\/2024\/03\/2.jpeg\" class=\"card-post__image wp-post-image\" alt=\"\" decoding=\"async\" srcset=\"https:\/\/wpip.mda.pl\/app\/uploads\/2024\/03\/2.jpeg 1920w, https:\/\/wpip.mda.pl\/app\/uploads\/2024\/03\/2-1024x682.jpeg 1024w, https:\/\/wpip.mda.pl\/app\/uploads\/2024\/03\/2-1536x1023.jpeg 1536w, https:\/\/wpip.mda.pl\/app\/uploads\/2024\/03\/2-448x298.jpeg 448w\" sizes=\"(max-width: 525px) 100vw, 525px\" \/>            <\/a>\n        <\/div>\n    <\/div>\n    <div class=\"card-post__content-wrapper\">\n        <div class=\"card-post__content-top-wrapper\">\n                            <div class=\"card-post__info\">\n                    <div class=\"card-post__date color-grey-grey typo-14\">13.03.2024<\/div>\n                                            <div class=\"card-post__category typo-12\">Aktualno\u015bci<\/div>\n                                    <\/div>\n                                                <div class=\"card-post__title\">\n                <a href=\"https:\/\/wpip.mda.pl\/en\/aktualnosci\/kamien-wegielny-pod-budowe-luksusowego-kompleksu-w-miedzyzdrojach-wmurowany-the-sea-resort-zainauguruje-dzialalnosc-pod-koniec-2025-r\/\" class=\"color-black\">\n                    <h4 class=\"f-400 color-black typo-h5 -bigger\">\n                        <a href=\"https:\/\/wpip.mda.pl\/en\/aktualnosci\/kamien-wegielny-pod-budowe-luksusowego-kompleksu-w-miedzyzdrojach-wmurowany-the-sea-resort-zainauguruje-dzialalnosc-pod-koniec-2025-r\/\" class=\"color-black typo-h5\">\n                            Kamie\u0144 w\u0119gielny pod budow\u0119 luksusowego kompleksu w Mi\u0119dzyzdrojach wmurowany. The Sea Resort zainauguruje dzia\u0142alno\u015b\u0107 pod koniec 2025 r.                        <\/a>\n                    <\/h4>\n                <\/a>\n            <\/div>\n        <\/div>\n        <a class=\"button button--solid-hover color-red red button--arrow-button\" href=\"https:\/\/wpip.mda.pl\/en\/aktualnosci\/kamien-wegielny-pod-budowe-luksusowego-kompleksu-w-miedzyzdrojach-wmurowany-the-sea-resort-zainauguruje-dzialalnosc-pod-koniec-2025-r\/\">\n            <span><i class=\"icon icon-arrow-right\"><\/i><\/span>\n        <\/a>\n    <\/div>\n<\/div>\n\n                    <\/div>\n                                    <div class=\"posts-scroll-list__item\">\n                        \n \n<div class=\"card-post card-post--no-carousel active\" data-href=\"https:\/\/wpip.mda.pl\/en\/aktualnosci\/ctpark-opole-w-rozbudowie-rozpoczelismy-realizacje-kolejnego-budynku-na-terenie-kompleksu\/\" data-key=\"1\">\n    <div>\n        <div class=\"card-post__featured-image-wrapper\">\n            <a href=\"https:\/\/wpip.mda.pl\/en\/aktualnosci\/ctpark-opole-w-rozbudowie-rozpoczelismy-realizacje-kolejnego-budynku-na-terenie-kompleksu\/\">\n                <div class=\"card-post__image-bg\"><\/div>\n                <img loading=\"lazy\" width=\"467\" height=\"350\" src=\"https:\/\/wpip.mda.pl\/app\/uploads\/2024\/03\/CTPark-Opole-1.jpg\" class=\"card-post__image wp-post-image\" alt=\"\" decoding=\"async\" srcset=\"https:\/\/wpip.mda.pl\/app\/uploads\/2024\/03\/CTPark-Opole-1.jpg 2048w, https:\/\/wpip.mda.pl\/app\/uploads\/2024\/03\/CTPark-Opole-1-1024x768.jpg 1024w, https:\/\/wpip.mda.pl\/app\/uploads\/2024\/03\/CTPark-Opole-1-1536x1152.jpg 1536w\" sizes=\"(max-width: 467px) 100vw, 467px\" \/>            <\/a>\n        <\/div>\n    <\/div>\n    <div class=\"card-post__content-wrapper\">\n        <div class=\"card-post__content-top-wrapper\">\n                            <div class=\"card-post__info\">\n                    <div class=\"card-post__date color-grey-grey typo-14\">28.02.2024<\/div>\n                                            <div class=\"card-post__category typo-12\">Aktualno\u015bci<\/div>\n                                    <\/div>\n                                                <div class=\"card-post__title\">\n                <a href=\"https:\/\/wpip.mda.pl\/en\/aktualnosci\/ctpark-opole-w-rozbudowie-rozpoczelismy-realizacje-kolejnego-budynku-na-terenie-kompleksu\/\" class=\"color-black\">\n                    <h4 class=\"f-400 color-black typo-h5 -bigger\">\n                        <a href=\"https:\/\/wpip.mda.pl\/en\/aktualnosci\/ctpark-opole-w-rozbudowie-rozpoczelismy-realizacje-kolejnego-budynku-na-terenie-kompleksu\/\" class=\"color-black typo-h5\">\n                            CTPark Opole w rozbudowie. Rozpocz\u0119li\u015bmy realizacj\u0119 kolejnego budynku na terenie kompleksu                        <\/a>\n                    <\/h4>\n                <\/a>\n            <\/div>\n        <\/div>\n        <a class=\"button button--solid-hover color-red red button--arrow-button\" href=\"https:\/\/wpip.mda.pl\/en\/aktualnosci\/ctpark-opole-w-rozbudowie-rozpoczelismy-realizacje-kolejnego-budynku-na-terenie-kompleksu\/\">\n            <span><i class=\"icon icon-arrow-right\"><\/i><\/span>\n        <\/a>\n    <\/div>\n<\/div>\n\n                    <\/div>\n                                    <div class=\"posts-scroll-list__item\">\n                        \n \n<div class=\"card-post card-post--no-carousel active\" data-href=\"https:\/\/wpip.mda.pl\/en\/aktualnosci\/fabryka-fey-powiekszy-sie-o-hale-produkcyjna-i-biurowiec\/\" data-key=\"2\">\n    <div>\n        <div class=\"card-post__featured-image-wrapper\">\n            <a href=\"https:\/\/wpip.mda.pl\/en\/aktualnosci\/fabryka-fey-powiekszy-sie-o-hale-produkcyjna-i-biurowiec\/\">\n                <div class=\"card-post__image-bg\"><\/div>\n                <img loading=\"lazy\" width=\"1\" height=\"1\" src=\"https:\/\/wpip.mda.pl\/app\/uploads\/2024\/03\/Fey-wizualizacja.png\" class=\"card-post__image wp-post-image\" alt=\"\" decoding=\"async\" \/>            <\/a>\n        <\/div>\n    <\/div>\n    <div class=\"card-post__content-wrapper\">\n        <div class=\"card-post__content-top-wrapper\">\n                            <div class=\"card-post__info\">\n                    <div class=\"card-post__date color-grey-grey typo-14\">26.02.2024<\/div>\n                                            <div class=\"card-post__category typo-12\">Aktualno\u015bci<\/div>\n                                    <\/div>\n                                                <div class=\"card-post__title\">\n                <a href=\"https:\/\/wpip.mda.pl\/en\/aktualnosci\/fabryka-fey-powiekszy-sie-o-hale-produkcyjna-i-biurowiec\/\" class=\"color-black\">\n                    <h4 class=\"f-400 color-black typo-h5 -bigger\">\n                        <a href=\"https:\/\/wpip.mda.pl\/en\/aktualnosci\/fabryka-fey-powiekszy-sie-o-hale-produkcyjna-i-biurowiec\/\" class=\"color-black typo-h5\">\n                            Fabryka Fey powi\u0119kszy si\u0119 o hal\u0119 produkcyjn\u0105 i biurowiec                        <\/a>\n                    <\/h4>\n                <\/a>\n            <\/div>\n        <\/div>\n        <a class=\"button button--solid-hover color-red red button--arrow-button\" href=\"https:\/\/wpip.mda.pl\/en\/aktualnosci\/fabryka-fey-powiekszy-sie-o-hale-produkcyjna-i-biurowiec\/\">\n            <span><i class=\"icon icon-arrow-right\"><\/i><\/span>\n        <\/a>\n    <\/div>\n<\/div>\n\n                    <\/div>\n                                    <div class=\"posts-scroll-list__item\">\n                        \n \n<div class=\"card-post card-post--no-carousel active\" data-href=\"https:\/\/wpip.mda.pl\/en\/aktualnosci\/wpip-construction-wyroznione-tytulem-budowlanej-firmy-roku-2023\/\" data-key=\"3\">\n    <div>\n        <div class=\"card-post__featured-image-wrapper\">\n            <a href=\"https:\/\/wpip.mda.pl\/en\/aktualnosci\/wpip-construction-wyroznione-tytulem-budowlanej-firmy-roku-2023\/\">\n                <div class=\"card-post__image-bg\"><\/div>\n                <img loading=\"lazy\" width=\"525\" height=\"350\" src=\"https:\/\/wpip.mda.pl\/app\/uploads\/2024\/03\/Builder_Awards_2024-363.jpg\" class=\"card-post__image wp-post-image\" alt=\"\" decoding=\"async\" srcset=\"https:\/\/wpip.mda.pl\/app\/uploads\/2024\/03\/Builder_Awards_2024-363.jpg 2400w, https:\/\/wpip.mda.pl\/app\/uploads\/2024\/03\/Builder_Awards_2024-363-1024x683.jpg 1024w, https:\/\/wpip.mda.pl\/app\/uploads\/2024\/03\/Builder_Awards_2024-363-1536x1024.jpg 1536w, https:\/\/wpip.mda.pl\/app\/uploads\/2024\/03\/Builder_Awards_2024-363-2048x1365.jpg 2048w\" sizes=\"(max-width: 525px) 100vw, 525px\" \/>            <\/a>\n        <\/div>\n    <\/div>\n    <div class=\"card-post__content-wrapper\">\n        <div class=\"card-post__content-top-wrapper\">\n                            <div class=\"card-post__info\">\n                    <div class=\"card-post__date color-grey-grey typo-14\">09.02.2024<\/div>\n                                            <div class=\"card-post__category typo-12\">Aktualno\u015bci<\/div>\n                                    <\/div>\n                                                <div class=\"card-post__title\">\n                <a href=\"https:\/\/wpip.mda.pl\/en\/aktualnosci\/wpip-construction-wyroznione-tytulem-budowlanej-firmy-roku-2023\/\" class=\"color-black\">\n                    <h4 class=\"f-400 color-black typo-h5 -bigger\">\n                        <a href=\"https:\/\/wpip.mda.pl\/en\/aktualnosci\/wpip-construction-wyroznione-tytulem-budowlanej-firmy-roku-2023\/\" class=\"color-black typo-h5\">\n                            WPIP Construction wyr\u00f3\u017cnione tytu\u0142em \u201eBudowlanej Firmy Roku 2023\u201d                        <\/a>\n                    <\/h4>\n                <\/a>\n            <\/div>\n        <\/div>\n        <a class=\"button button--solid-hover color-red red button--arrow-button\" href=\"https:\/\/wpip.mda.pl\/en\/aktualnosci\/wpip-construction-wyroznione-tytulem-budowlanej-firmy-roku-2023\/\">\n            <span><i class=\"icon icon-arrow-right\"><\/i><\/span>\n        <\/a>\n    <\/div>\n<\/div>\n\n                    <\/div>\n                                    <\/div>\n    <\/div>\n<\/div>\n    <div class=\"row\">\n        <div class=\"col-24\">\n            <div class=\"posts-scroll-list__pagination\" data-post-scroll-list-pagination>\n            <div class=\"pagination pagination--theme-grey-grey\" data-settings='{\"max_pages\":14,\"pages_visible\":3}' data-pagination data-color=\"red\">\n    <div class=\"pagination__wrapper\">\n        <button class=\"pagination__nav bgh-red pagination__nav--first\"><i class=\"icon icon-first-page\"><\/i><\/button>\n        <button class=\"pagination__nav bgh-red pagination__nav--prev\"><i class=\"icon icon-arrow-left\"><\/i><\/button>\n        <div class=\"pagination__numbers\"><\/div>\n        <button class=\"pagination__nav bgh-red pagination__nav--next\"><i class=\"icon icon-arrow-right\"><\/i><\/button>\n        <button class=\"pagination__nav bgh-red pagination__nav--last\"><i class=\"icon icon-last-page\"><\/i><\/button>\n    <\/div>\n<\/div>            <\/div>\n        <\/div>\n    <\/div>\n    <\/div>\n<\/section>","protected":false},"excerpt":{"rendered":"","protected":false},"author":1,"featured_media":0,"parent":0,"menu_order":0,"comment_status":"closed","ping_status":"closed","template":"","meta":{"inline_featured_image":false,"footnotes":""},"acf":[],"_links":{"self":[{"href":"https:\/\/wpip.mda.pl\/en\/wp-json\/wp\/v2\/pages\/4258"}],"collection":[{"href":"https:\/\/wpip.mda.pl\/en\/wp-json\/wp\/v2\/pages"}],"about":[{"href":"https:\/\/wpip.mda.pl\/en\/wp-json\/wp\/v2\/types\/page"}],"author":[{"embeddable":true,"href":"https:\/\/wpip.mda.pl\/en\/wp-json\/wp\/v2\/users\/1"}],"replies":[{"embeddable":true,"href":"https:\/\/wpip.mda.pl\/en\/wp-json\/wp\/v2\/comments?post=4258"}],"version-history":[{"count":1,"href":"https:\/\/wpip.mda.pl\/en\/wp-json\/wp\/v2\/pages\/4258\/revisions"}],"predecessor-version":[{"id":4259,"href":"https:\/\/wpip.mda.pl\/en\/wp-json\/wp\/v2\/pages\/4258\/revisions\/4259"}],"wp:attachment":[{"href":"https:\/\/wpip.mda.pl\/en\/wp-json\/wp\/v2\/media?parent=4258"}],"curies":[{"name":"wp","href":"https:\/\/api.w.org\/{rel}","templated":true}]}}